{"id":458,"date":"2022-08-22T21:22:20","date_gmt":"2022-08-22T18:22:20","guid":{"rendered":"https:\/\/www.vegetein.com\/?page_id=458"},"modified":"2022-08-28T22:39:08","modified_gmt":"2022-08-28T19:39:08","slug":"muugitingimused","status":"publish","type":"page","link":"https:\/\/www.vegetein.com\/et\/muugitingimused\/","title":{"rendered":"M\u00fc\u00fcgitingimused"},"content":{"rendered":"<h1>KASUTUS- JA M\u00dc\u00dcGITINGIMUSED<\/h1>\n<h2>1. \u00dclds\u00e4tted<\/h2>\n<p>1.1. K\u00e4esolevad kaupade ostmise-m\u00fc\u00fcmise tingimused (edaspidi \u201eEeskirjad\u201c) m\u00e4\u00e4ravad Ostja ja AS Vegetein (edaspidi tekstis \u201eM\u00fc\u00fcja\u201d) vahelised \u00f5igused ja kohustused, kaupade ostmise ja nende eest maksmise tingimused, kaupade k\u00e4ttetoimetamise ja tagastamise korra, poolte vastutuse ning muud kaupade ostmise-m\u00fc\u00fcmisega seotud s\u00e4tted.<\/p>\n<p>1.2. Ostja t\u00f5endab eeskirju kinnitades, et neist l\u00e4htudes on tal \u00f5igus osta kaupu vegetein.com veebipoes.<\/p>\n<p>1.3. Vegetein.com veebipoest on \u00f5igus tellida kaupu:<\/p>\n<p>1.3.1. teov\u00f5imelistel f\u00fc\u00fcsilistel isikutel, st. t\u00e4isealistel isikutel, kelle teov\u00f5imet pole kohtulikus korras piiratud;<\/p>\n<p>1.3.2. alaealised isikud alates neljateistk\u00fcmnest kuni kaheksateistk\u00fcmne eluaastani vaid vanemate v\u00f5i hooldajate n\u00f5usolekul, v\u00e4lja arvatud juhud, kui nad k\u00e4sutavad oma sissetulekut iseseisvalt;<\/p>\n<p>1.3.3. juriidilistel isikutel;<\/p>\n<p>1.3.4. k\u00f5igi eelpool nimetatud isikute volitatud esindajatel.<\/p>\n<h2>2. Ostu-m\u00fc\u00fcgilepingu s\u00f5lmimise moment, kauba ostmise protsess<\/h2>\n<p>2.1. Leping s\u00f5lmitakse M\u00fc\u00fcja ja Ostja vahel, kui Ostja on lisanud kauba veebilehe ostukorvi, esitanud k\u00e4ttetoimetamise aadressi, tutvunud k\u00e4esolevate eeskirjadega ja kinnitab tellimuse, m\u00e4rkides linnukesega akna \u201eN\u00f5ustun ostmise eeskirjadega\u201c. Kinnitus kehtib kuni selle lepinguga m\u00e4\u00e4ratud kohustuste t\u00e4ieliku t\u00e4itmiseni.<\/p>\n<p>2.2 Kauba ostmiseks tuleb valida veebilehel www.vegetein.com tootekategooriate men\u00fc\u00fcst sobiv valik. Tootelehele j\u00f5udmiseks tuleb klikkida sobiva toote pildil. Tootelehel on nupp \u201cLisa korvi\u201d, peale mida lisatakse valitud toode virtuaalsesse ostukorvi. Ostukorvis on ostu vormistamiseks nupp \u201cKassasse ostu vormistama\u201d, antud toiming viib Ostja tellimuse kinnitamiseks arvelduse andmete ja tarneinfo lisamise ehk \u201cKassa\u201d veebilehele.\u00a0 Kauba eest saab tasuda sobiva pangalingi v\u00f5i krediitkaardi abil. Maksmine toimub l\u00e4bi <a href=\"https:\/\/montonio.com\/et\/\" target=\"_blank\" rel=\"noopener\">Montonio<\/a> makselahenduse.<\/p>\n<p>2.3 Arveldamine toimub eurodes.<\/p>\n<h2>3. Ostja \u00f5igused<\/h2>\n<p>3.1 Ostjal on \u00f5igus tellida kaupu veebipoest, juhindudes Eeskirjade tingimustest ja Eesti Vabariigi seaduses\u00e4tetest.<\/p>\n<p>3.2. Kaupade vahetamine, tagastamine v\u00f5i puuduste k\u00f5rvaldamine toimub vastavalt Eesti Vabariigis\u00a0 kehtivatest seadustest \u201eAsjade tagastamise ja vahetamise eeskirjade kinnitamise asjus\u201c.<\/p>\n<h2>4. Ostja kohustused<\/h2>\n<p>4.1. Ostja on kohustatud tasuma kaupade ja t\u00e4iendavate teenuste (k\u00e4ttetoimetamine, sisse kandmine, jms.) hinna ja v\u00f5tma kaubad vastu k\u00e4esolevates eeskirjades m\u00e4\u00e4ratud korras.<\/p>\n<p>4.2. Kui Ostja tarneinfo lahtris esitatud andmed on muutunud, peab ta neid viivitamatult uuendama v\u00f5ttes \u00fchendust klienditoega.<\/p>\n<p>4.3. Ostja kohustub pidama kinni k\u00e4esolevates eeskirjades ning Eesti Vabariigi seadustes s\u00e4testatud n\u00f5uetest.<\/p>\n<p>4.4. Ostja n\u00f5ustub k\u00e4esolevaid Eeskirju kinnitades, et tema isikuandmeid korraldatakse Vegetein veebipoe kaupade ja teenuste m\u00fc\u00fcmise eesm\u00e4rgil.<\/p>\n<h2>5. M\u00fc\u00fcja \u00f5igused<\/h2>\n<p>5.1. Kui Ostja p\u00fc\u00fcab kahjustada veebipoe stabiilset toimimist ning kahjustab selle turvalisust v\u00f5i rikub oma kohustusi, on M\u00fc\u00fcjal \u00f5igus viivitamatult ja ilma ette hoiatamata piirata, peatada v\u00f5i l\u00f5petada tema veebipoe kasutamise \u00f5igus.<\/p>\n<p>5.2 M\u00fc\u00fcjal on \u00f5igus katkestada veebipoe tegevus ajutiselt v\u00f5i t\u00e4htajatult, ilma sellest ette teatamata.<\/p>\n<h2>6. M\u00fc\u00fcja kohustused<\/h2>\n<p>6.1. Kui M\u00fc\u00fcja ei saa tarnida Ostja tellitud kaupa, kohustub ta pakkuma Ostjale analoogse kauba. Ostja keeldumise korral tagastama Ostja makstud raha 14 (neljateistk\u00fcmne) p\u00e4eva jooksul maksmisel kasutatud arvelduskontole. Sel juhul ei kanna M\u00fc\u00fcja vastutust kauba mittetarnimise eest.<\/p>\n<p>6.2. M\u00fc\u00fcjal on \u00f5igus annulleerida Ostja tellimus sellest ette teatamata juhul kui:<\/p>\n<p>6.2.1. Ostja ei maksa kauba eest 1 (\u00fche) t\u00f6\u00f6p\u00e4eva jooksul<\/p>\n<p>6.2.2. Ostja ei maksa kindlaksm\u00e4\u00e4ratud suurusega ettemaksu 1 (\u00fche) t\u00f6\u00f6p\u00e4eva jooksul<\/p>\n<p>6.3. J\u00e4relmaksuga makstes peab juhinduma panga poolt kehtestatud kauba j\u00e4relmaksuga ostmise eeskirjadest.<\/p>\n<h2>7. Kaupade kvaliteedigarantii<\/h2>\n<p>7.1. M\u00fc\u00fcja ei vastuta selle eest, et veebipoes oleva kauba v\u00e4rv, kuju v\u00f5i muud parameetrid v\u00f5ivad mitte vastata kauba reaalsetele m\u00f5\u00f5tmetele, kujule v\u00f5i v\u00e4rvile Ostja arvutiekraani omaduste v\u00f5i seadete t\u00f5ttu.<\/p>\n<p>7.2. Juhul kui M\u00fc\u00fcja ei anna teatud kaubaliikidele esemete kvaliteedigarantiid, kehtib vastava seaduses\u00e4ttega kehtestatud garantii.<\/p>\n<h2>8. Kauba hind ja tasumise kord<\/h2>\n<p>8.1. M\u00fc\u00fcja j\u00e4tab \u00f5iguse n\u00f5uda Ostjalt osalist v\u00f5i t\u00e4ielikku ettemaksu.<\/p>\n<h2>9. Kaupade k\u00e4ttetoimetamine<\/h2>\n<p>9.1. M\u00fc\u00fcja on kohustatud kauba Ostjale \u00fcle andma poolte vahel eelnevalt kokkulepitud ajal. Ostja n\u00f5ustub, et erijuhtudel v\u00f5ib kauba tarnimine hilineda etten\u00e4gematutel M\u00fc\u00fcjast mittes\u00f5ltuvatel asjaoludel. Sel juhul peab M\u00fc\u00fcja v\u00f5tma Ostjaga viivitamatult \u00fchendust ja leppima kokku kauba tarnimise tingimused.<\/p>\n<p>9.2.Ostja peab kontrollima kauba vastuv\u00f5tmisel seisukorda, kogust, kvaliteeti ja komplektsuse.<\/p>\n<p>9.3. M\u00fc\u00fcja vabastatakse kauba tarnimise t\u00e4htaja rikkumisel vastutusest k\u00f5igil juhtudel, kui kaubad pole Ostjale tarnitud v\u00f5i tarnitakse hilinemisega Ostja s\u00fc\u00fcl v\u00f5i Ostjast s\u00f5ltuvatel asjaoludel.<\/p>\n<p>9.4. Kaup tarnitakse tellijani DPD Eesti AS teenuste (kuller- v\u00f5i DPD pakiautomaadi teenus) vahendusel.<\/p>\n<p>9.5. Keskmine tarneaeg kliendini on kuni 3 t\u00f6\u00f6p\u00e4eva, maksimaalne tarneaeg 10 t\u00f6\u00f6p\u00e4eva.<\/p>\n<h2>10. Kaupade tagastamine<\/h2>\n<p>10.1. Kaupade vahetamine, tagastamine v\u00f5i puuduste k\u00f5rvaldamine toimub vastavalt Eesti Vabariigis kehtivatest seadustest. \u201eAsjade tagastamise ja vahetamise eeskirjade kinnitamise asjus\u201c.<\/p>\n<p>10.2. Peale tellitud toodete tarnimist kliendini on kliendil \u00f5igus e-poes s\u00f5lmitud lepingust taganeda 14 p\u00e4eva jooksul.<\/p>\n<p>10.3. 14-p\u00e4evase tagastamis\u00f5iguse kasutamiseks ei tohi tellitud tooted olla rikutud ning nende seisukord peab olema s\u00e4ilinud t\u00e4pselt nii nagu ostu-\/m\u00fc\u00fcgihetkel.<\/p>\n<p>10.4. Toodete tagastamise kulud kannab klient, v\u00e4lja arvatud juhul, kui tagastamise p\u00f5hjus ei s\u00f5ltu kliendist ehk tegemist on defektse tootega, transpordi k\u00e4igus rikutud tootega v\u00f5i vale tootega.<\/p>\n<p>10.5. Taganemisavaldus tuleb saata AS Vegetein e-posti aadressile: info@vegetein.com hiljemalt 14 p\u00e4eva jooksul kauba k\u00e4ttesaamisest.<\/p>\n<p>10.6. Klient on kohustatud tooted tagastama avalduse esitamisele j\u00e4rgneva 14 p\u00e4eva jooksul. Toodete tagastamise viis ja aadress peab olema eelnevalt m\u00fc\u00fcjaga kokku lepitud.<\/p>\n<p>10.7. AS Vegetein tagastab kliendile kliendi poolt eelnevalt tasutud summa tagastatava kauba k\u00e4ttesaamisel viivitamata, kuid mitte hiljem kui 14 p\u00e4eva m\u00f6\u00f6dumisel arvates taganemisavalduse saamisest.<\/p>\n<h2>11. Vastutus<\/h2>\n<p>11.1. Ostja vastutab AS Vegetein\u00a0 tellimuse vormil esitatud andmete \u00f5igsuse eest. Ostja v\u00f5tab endale vastutuse tellimuse vormis esitatud ekslike v\u00f5i ebat\u00e4psete andmete tagaj\u00e4rgede eest.<\/p>\n<p>11.2. Ostja vastutab selle veebipoe kasutamisel sooritatud tegevuse eest.<\/p>\n<h2>12. Informatsiooni saatmine<\/h2>\n<p>12.1 M\u00fc\u00fcja saadab k\u00f5ik teated Ostja poolt tellimuse vormis n\u00e4idatud meiliaadressile.<\/p>\n<p>12.2. Ostja saadab k\u00f5ik teated ja k\u00fcsimused M\u00fc\u00fcja n\u00e4idatud suhtlemise vahenditega.<\/p>\n<h2>13. L\u00f5pps\u00e4tted<\/h2>\n<p>13.1. K\u00e4esolevad eeskirjad on koostatud Eesti Vabariigi seaduses\u00e4tetest l\u00e4htudes.<\/p>\n<p>13.2. Nendest eeskirjadest tulenevatele suhetele kohandatakse Eesti Vabariigi seadusi.<\/p>\n<p>13.3. K\u00f5ik k\u00e4esolevate reeglite t\u00e4itmisega seotud lahkarvamused lahendatakse l\u00e4bir\u00e4\u00e4kimiste teel. Kokkuleppe mittesaavutamisel lahendatakse Eesti Vabariigi seadustega s\u00e4testatud korras.<\/p>\n<p>13.4. L\u00e4htudes seaduses\u00e4tetes kehtestatud n\u00f5uetest j\u00e4tab M\u00fc\u00fcja endale \u00f5iguse muuta, parandada v\u00f5i t\u00e4iendada tingimusi mistahes ajal.<\/p>\n<p>13.5. Veebipoe vegetein.com isikuandmete vastutav t\u00f6\u00f6tleja on AS Vegetein (registrikood 10743216) asukohaga Tehasenurga, Paink\u00fcla k\u00fcla, J\u00f5geva vald, 48422 ja e-kiri info@vegetein.com<\/p>\n<p>AS Vegetein edastab maksete teostamiseks vajalikud isikuandmed volitatud t\u00f6\u00f6tleja Montonio Finance OU\u0308-le.<\/p>\n","protected":false},"excerpt":{"rendered":"<p>KASUTUS- JA M\u00dc\u00dcGITINGIMUSED 1. \u00dclds\u00e4tted 1.1. K\u00e4esolevad kaupade ostmise-m\u00fc\u00fcmise tingimused (edaspidi \u201eEeskirjad\u201c) m\u00e4\u00e4ravad Ostja ja AS Vegetein (edaspidi tekstis \u201eM\u00fc\u00fcja\u201d) vahelised \u00f5igused ja kohustused, kaupade ostmise ja nende eest maksmise tingimused, kaupade k\u00e4ttetoimetamise ja tagastamise korra, poolte vastutuse ning muud kaupade ostmise-m\u00fc\u00fcmisega seotud s\u00e4tted. 1.2. Ostja t\u00f5endab eeskirju kinnitades, et neist l\u00e4htudes on tal \u00f5igus [&hellip;]<\/p>\n","protected":false},"author":6,"featured_media":0,"parent":0,"menu_order":0,"comment_status":"closed","ping_status":"closed","template":"","meta":[],"acf":[],"_links":{"self":[{"href":"https:\/\/www.vegetein.com\/et\/wp-json\/wp\/v2\/pages\/458"}],"collection":[{"href":"https:\/\/www.vegetein.com\/et\/wp-json\/wp\/v2\/pages"}],"about":[{"href":"https:\/\/www.vegetein.com\/et\/wp-json\/wp\/v2\/types\/page"}],"author":[{"embeddable":true,"href":"https:\/\/www.vegetein.com\/et\/wp-json\/wp\/v2\/users\/6"}],"replies":[{"embeddable":true,"href":"https:\/\/www.vegetein.com\/et\/wp-json\/wp\/v2\/comments?post=458"}],"version-history":[{"count":3,"href":"https:\/\/www.vegetein.com\/et\/wp-json\/wp\/v2\/pages\/458\/revisions"}],"predecessor-version":[{"id":489,"href":"https:\/\/www.vegetein.com\/et\/wp-json\/wp\/v2\/pages\/458\/revisions\/489"}],"wp:attachment":[{"href":"https:\/\/www.vegetein.com\/et\/wp-json\/wp\/v2\/media?parent=458"}],"curies":[{"name":"wp","href":"https:\/\/api.w.org\/{rel}","templated":true}]}}