{"id":454,"date":"2022-08-22T21:19:02","date_gmt":"2022-08-22T18:19:02","guid":{"rendered":"https:\/\/www.vegetein.com\/?page_id=454"},"modified":"2022-08-28T22:37:34","modified_gmt":"2022-08-28T19:37:34","slug":"privaatsuspoliitika","status":"publish","type":"page","link":"https:\/\/www.vegetein.com\/et\/privaatsuspoliitika\/","title":{"rendered":"Privaatsuspoliitika"},"content":{"rendered":"<h1>PRIVAATSUSPOLIITIKA<\/h1>\n<h2>1. Isikuandmete t\u00f6\u00f6tleja<\/h2>\n<p>Veebipoe vegetein.com isikuandmete vastutav t\u00f6\u00f6tleja on AS Vegetein (registrikood 10743216) asukohaga Tehasenurga, Paink\u00fcla k\u00fcla, J\u00f5geva vald, 48422 ja e-kiri info@vegetein.com<\/p>\n<p>AS Vegetein edastab maksete teostamiseks vajalikud isikuandmed volitatud t\u00f6\u00f6tleja Montonio Finance O\u00dc-le.<\/p>\n<h2>2. Milliseid isikuandmeid t\u00f6\u00f6deldakse?<\/h2>\n<ul>\n<li>Nimi, telefoninumber ja e-posti aadress;<\/li>\n<li>kulleriga tellimise puhul tarneaadress;<\/li>\n<li>pangakonto number;<\/li>\n<li>kaupade maksumus ja maksetega seotud andmed (ostuajalugu);<\/li>\n<li>klienditoe andmed.<\/li>\n<\/ul>\n<h2>3. Mis eesm\u00e4rgil isikuandmeid t\u00f6\u00f6deldakse?<\/h2>\n<p>Isikuandmeid kasutatakse kliendi tellimuste haldamiseks ja kauba kohaletoimetamiseks.<\/p>\n<p>Ostuajaloo andmeid (ostu kuup\u00e4ev, kaup, kogus, kliendi andmed) kasutatakse ostetud kaupade ja teenuste \u00fclevaate koostamiseks ning kliendieelistuste anal\u00fc\u00fcsimiseks.<\/p>\n<p>Pangakonto numbrit kasutatakse kliendile maksete tagastamiseks.<\/p>\n<p>Isikuandmeid nagu e-post, telefoni nr, kliendi nimi, t\u00f6\u00f6deldakse selleks, et lahendada kaupade ja teenuste osutamise seonduvaid k\u00fcsimusi (klienditugi).<\/p>\n<p>Veebipoe kasutaja IP-aadressi v\u00f5i teisi v\u00f5rguidentifikaatoreid t\u00f6\u00f6deldakse veebipoe kasutusstatistika tegemiseks.<\/p>\n<h2>4. \u00d5iguslik alus<\/h2>\n<p>Isikuandmete t\u00f6\u00f6tlemine toimub kliendiga s\u00f5lmitud lepingu t\u00e4itmise eesm\u00e4rgil.<\/p>\n<p>Isikuandmete t\u00f6\u00f6tlemine toimub juriidilise kohustuse t\u00e4itmiseks (nt raamatupidamine ja tarbijavaidluste lahendamine).<\/p>\n<h2>5. Vastuv\u00f5tjad, kellele isikuandmed edastatakse<\/h2>\n<p>Isikuandmed edastatakse veebipoe klienditoele ostude ja ostuajaloo haldamiseks ja kliendiprobleemide lahendamiseks.<\/p>\n<p>Maksete teostamiseks saadetakse vajalikud isikuandmed volitatud t\u00f6\u00f6tleja Montonio Finance O\u00dc-le.<\/p>\n<p>Kui tegemist on kulleriga kohale toimetatava kaubaga, siis edastatakse lisaks kontaktandmetele (telefoninumber, e-posti aadress) ka kliendi aadress.<\/p>\n<p>Kui veebipoe raamatupidamine toimub teenusepakkuja poolt, siis edastatakse isikuandmed teenusepakkujale raamatupidamistoimingute tegemiseks.<\/p>\n<p>Isikuandmeid v\u00f5idakse edastada infotehnoloogia teenuste pakkujatele, kui see on vajalik veebipoe funktsionaalsuse v\u00f5i andmemajutuse tagamiseks.<\/p>\n<h2>6. Turvalisus ja andmetele ligip\u00e4\u00e4s<\/h2>\n<p>Isikuandmeid hoitakse serverites, mis asuvad Euroopa Liidu liikmesriigi v\u00f5i Euroopa Liidu majanduspiirkonnaga liitunud riikide territooriumil. Anon\u00fc\u00fcmseid k\u00fclastatavuse statistikaandmeid v\u00f5idakse edastada riikidesse, mille andmekaitse taset on Euroopa Komisjon hinnanud piisavaks ning USA ettev\u00f5tetele, kes on liitunud andmekaitse kilbi (Privacy Shield) raamistikuga (nt. Google Analytics).<\/p>\n<p>Juurdep\u00e4\u00e4s isikuandmetele on veebipoe t\u00f6\u00f6tajatel, kes saavad isikuandmetega tutvuda selleks, et lahendada veebipoe kasutamisega seonduvaid tehnilisi k\u00fcsimusi ning osutada klienditoe teenust.<\/p>\n<p>Veebipood rakendab asjakohaseid f\u00fc\u00fcsilisi, organisatsioonilisi ja infotehnilisi turvameetmeid, et kaitsta isikuandmeid juhusliku v\u00f5i ebaseadusliku h\u00e4vitamise, kaotsimineku, muutmise v\u00f5i loata juurdep\u00e4\u00e4su ja avalikustamise eest.<\/p>\n<p>Isikuandmete edastamine veebipoe volitatud t\u00f6\u00f6tlejatele (nt transporditeenuse pakkuja ja andmemajutus) toimub veebipoe ja volitatud t\u00f6\u00f6tlejatega s\u00f5lmitud lepingute alusel. Volitatud t\u00f6\u00f6tlejaid on kohustatud tagama isikuandmete t\u00f6\u00f6tlemisel asjakohased kaitsemeetmed.<\/p>\n<h2>7. Isikuandmetega tutvumine ja parandamine<\/h2>\n<p>Isikuandmetega saab tutvuda klinditoe vahendusel.<\/p>\n<h2>8. N\u00f5usoleku tagasiv\u00f5tmine<\/h2>\n<p>Kui isikuandmete t\u00f6\u00f6tlemine toimub kliendi n\u00f5usoleku alusel, siis on kliendil \u00f5igus n\u00f5usolek tagasi v\u00f5tta teavitades sellest kliendituge e-posti teel.<\/p>\n<h2>9. S\u00e4ilitamine<\/h2>\n<p>Ostuajalugu s\u00e4ilitatakse viis aastat.<\/p>\n<p>Maksetega ja tarbijavaidlustega seotud vaidluste korral s\u00e4ilitatakse isikuandmed kuni n\u00f5ude t\u00e4itmiseni v\u00f5i aegumist\u00e4htaja l\u00f5puni.<\/p>\n<p>Raamatupidamise jaoks vajalikud isikuandmed s\u00e4ilitatakse seitse aastat.<\/p>\n<h2>10. Kustutamine<\/h2>\n<p>Isikuandmete kustutamiseks tuleb v\u00f5tta \u00fchendust klienditoega e-posti teel. Kustutamistaotlusele vastatakse mitte hiljem kui kuu aja jooksul ning t\u00e4psustakse andmete kustutamise perioodi.<\/p>\n<h2>11. \u00dclekandmine<\/h2>\n<p>E-posti teel esitatud isikuandmete \u00fclekandmise taotlusele vastatakse hiljemalt kuu aja jooksul. Klienditugi tuvastab isikusamasuse ja teavitab isikuandmetest, mis kuuluvad \u00fclekandmisele.<\/p>\n<h2>12. Otseturustusteated<\/h2>\n<p>E-kirja aadressi ja telefoninumbrit kasutatakse otseturundusteadete saatmiseks, kui klient on andnud vastava n\u00f5usoleku. Kui klient ei soovi saada otseturustusteateid, siis tuleb valida e-kirja jaluses vastav viide v\u00f5i v\u00f5tta \u00fchendust klienditoega.<\/p>\n<h2>13. Vaidluste lahendamine<\/h2>\n<p>Isikuandmete t\u00f6\u00f6tlemisega seotud vaidluste lahendamine toimub klienditoe vahendusel, kontaktandmed. J\u00e4relevalveasutus on Eesti Andmekaitse Inspektsioon (info@aki.ee).<\/p>\n<h2>14. K\u00fcpsised<\/h2>\n<p>Veebilehel kasutatakse k\u00fcpsiseid statistiliste andmete kogumise eesm\u00e4rgil. K\u00fcpsised on v\u00e4ikesed failid, mis laaditakse kasutaja seadmesse veebilehe k\u00fclastusel. K\u00fcpsiste kasutamise eesm\u00e4rk on suurendada kodulehe kasutusmugavust ning anda veebilehe omanikule statistikat veebilehe kasutamise ja kasutajate kohta.<\/p>\n<p>Veebilehe k\u00fclastajal on v\u00f5imalus seadistada oma veebibrauser k\u00fcpsistest teavitamisele, nendest keelduda ja neid kustutada. K\u00fcpsiste kohta leiad rohkem informatsiooni veebilehelt www.aki.ee\/et\/kupsised.<\/p>\n<h2>K\u00fcsimused<\/h2>\n<p>Privaatsuspoliitika v\u00f5i andmet\u00f6\u00f6tluse kohta tekkivate k\u00fcsimuste v\u00f5i muredega palume v\u00f5tta meiega \u00fchendust. Kontaktandmed on leitavad <a href=\"https:\/\/www.vegetein.com\/et\/kontakt\/\">siit<\/a>.<\/p>\n","protected":false},"excerpt":{"rendered":"<p>PRIVAATSUSPOLIITIKA 1. Isikuandmete t\u00f6\u00f6tleja Veebipoe vegetein.com isikuandmete vastutav t\u00f6\u00f6tleja on AS Vegetein (registrikood 10743216) asukohaga Tehasenurga, Paink\u00fcla k\u00fcla, J\u00f5geva vald, 48422 ja e-kiri info@vegetein.com AS Vegetein edastab maksete teostamiseks vajalikud isikuandmed volitatud t\u00f6\u00f6tleja Montonio Finance O\u00dc-le. 2. Milliseid isikuandmeid t\u00f6\u00f6deldakse? Nimi, telefoninumber ja e-posti aadress; kulleriga tellimise puhul tarneaadress; pangakonto number; kaupade maksumus ja maksetega [&hellip;]<\/p>\n","protected":false},"author":6,"featured_media":0,"parent":0,"menu_order":0,"comment_status":"closed","ping_status":"closed","template":"","meta":[],"acf":[],"_links":{"self":[{"href":"https:\/\/www.vegetein.com\/et\/wp-json\/wp\/v2\/pages\/454"}],"collection":[{"href":"https:\/\/www.vegetein.com\/et\/wp-json\/wp\/v2\/pages"}],"about":[{"href":"https:\/\/www.vegetein.com\/et\/wp-json\/wp\/v2\/types\/page"}],"author":[{"embeddable":true,"href":"https:\/\/www.vegetein.com\/et\/wp-json\/wp\/v2\/users\/6"}],"replies":[{"embeddable":true,"href":"https:\/\/www.vegetein.com\/et\/wp-json\/wp\/v2\/comments?post=454"}],"version-history":[{"count":3,"href":"https:\/\/www.vegetein.com\/et\/wp-json\/wp\/v2\/pages\/454\/revisions"}],"predecessor-version":[{"id":488,"href":"https:\/\/www.vegetein.com\/et\/wp-json\/wp\/v2\/pages\/454\/revisions\/488"}],"wp:attachment":[{"href":"https:\/\/www.vegetein.com\/et\/wp-json\/wp\/v2\/media?parent=454"}],"curies":[{"name":"wp","href":"https:\/\/api.w.org\/{rel}","templated":true}]}}